{"id":5559,"date":"2024-10-30T11:06:20","date_gmt":"2024-10-30T10:06:20","guid":{"rendered":"https:\/\/lukassimko.sk\/cookie-richtlinie\/"},"modified":"2025-01-23T12:09:35","modified_gmt":"2025-01-23T11:09:35","slug":"cookie-richtlinie","status":"publish","type":"page","link":"https:\/\/lukassimko.sk\/de\/cookie-richtlinie\/","title":{"rendered":"Cookie-Richtlinie"},"content":{"rendered":"\n<style>\n    a.cky-banner-element {\n        padding: 8px 30px;\n        background: #F8F9FA;\n        color: #858A8F;\n        border: 1px solid #DEE2E6;\n        box-sizing: border-box;\n        border-radius: 2px;\n        cursor: pointer;\n}\n<\/style>\n<h1 class=\"cookie-policy-h1\">Cookie-Richtlinie<\/h1>\n<p> <br\/> G\u00fcltig ab: 30. Oktober 2024 Letzte Aktualisierung: 30. Oktober 2024   <\/p>\n\n \n<h5>Was sind Cookies?<\/h5>\n<div class=\"cookie-policy-p\"><p>Diese Cookie-Richtlinie erkl\u00e4rt, was Cookies sind und wie wir sie verwenden, welche Arten von Cookies wir verwenden, d.h. welche Informationen wir mit Hilfe von Cookies sammeln und wie diese Informationen verwendet werden, sowie die M\u00f6glichkeiten zur Verwaltung Ihrer Cookie-Einstellungen.  <\/p> <p>Cookies sind kleine Textdateien, die dazu dienen, kleine Informationen zu speichern. Sie werden auf Ihrem Ger\u00e4t gespeichert, wenn Sie eine Webseite in Ihrem Browser laden. Diese Cookies helfen uns, die Website ordnungsgem\u00e4\u00df zu betreiben, ihre Sicherheit zu verbessern, ein besseres Benutzererlebnis zu bieten, zu verstehen, wie die Website funktioniert, und zu analysieren, was funktioniert und wo Verbesserungen erforderlich sind.  <\/p><\/div>\n\n \n<h5>Wie verwenden wir Cookies?<\/h5>\n<div class=\"cookie-policy-p\"><p>Wie die meisten Online-Dienste verwendet auch unsere Website Cookies von Erstanbietern und Drittanbietern f\u00fcr verschiedene Zwecke. Cookies von Erstanbietern sind meist notwendig, damit die Website ordnungsgem\u00e4\u00df funktioniert, und erfassen keine pers\u00f6nlich identifizierbaren Informationen \u00fcber Sie. <\/p> <p>Cookies von Drittanbietern auf unserer Website werden in erster Linie verwendet, um die Leistung der Website zu verstehen, um zu verstehen, wie Sie mit unserer Website interagieren, um Dienstleistungen zu erbringen, um relevante Werbung bereitzustellen und um allgemein eine bessere und verbesserte Benutzererfahrung zu bieten, damit Sie zuk\u00fcnftige Interaktionen mit unserer Website beschleunigen k\u00f6nnen.<\/p><\/div>\n\n \n<h5>Arten von Cookies, die wir verwenden<\/h5>\n<div class=\"cky-audit-table-element\"><\/div>\n\n \n<h5 style=\"margin-bottom:20px;\">Cookie-Einstellungen verwalten<\/h5>\n\n<a class=\"cky-banner-element\">Cookie-Einstellungen<\/a> <br\/>\n\n<div><p>Sie k\u00f6nnen Ihre Cookie-Einstellungen jederzeit \u00e4ndern, indem Sie auf die Schaltfl\u00e4che oben klicken. Auf diese Weise k\u00f6nnen Sie das Cookie-Einwilligungsbanner erneut anzeigen und Ihre Einstellungen \u00e4ndern oder Ihre Einwilligung sofort widerrufen.   <\/p> <p>Dar\u00fcber hinaus bieten verschiedene Browser unterschiedliche Methoden zum Blockieren und L\u00f6schen von Cookies, die von Websites verwendet werden. Sie k\u00f6nnen die Einstellungen Ihres Browsers \u00e4ndern, um Cookies zu blockieren oder zu l\u00f6schen. Nachfolgend finden Sie Links zu Support-Dokumenten zur Verwaltung und L\u00f6schung von Cookies f\u00fcr die wichtigsten Webbrowser.  <\/p> <p>Chrom: <a target=\"_blank\" href=\"https:\/\/support.google.com\/accounts\/answer\/32050\" rel=\"noopener\">https:\/\/support.google.com\/accounts\/answer\/32050<\/a><\/p><p>Safari: <a target=\"_blank\" href=\"https:\/\/support.apple.com\/en-in\/guide\/safari\/sfri11471\/mac\" rel=\"noopener\">https:\/\/support.apple.com\/en-in\/guide\/safari\/sfri11471\/mac<\/a><\/p><p>Firefox: <a target=\"_blank\" href=\"https:\/\/support.mozilla.org\/en-US\/kb\/clear-cookies-and-site-data-firefox?redirectslug=delete-cookies-remove-info-websites-stored&#038;redirectlocale=en-US\" rel=\"noopener\">https:\/\/support.mozilla.org\/en-US\/kb\/clear-cookies-and-site-data-firefox?redirectslug=delete-cookies-remove-info-websites-stored&#038;redirectlocale=en-US<\/a><\/p><p>Internet Explorer: <a target=\"_blank\" href=\"https:\/\/support.microsoft.com\/en-us\/topic\/how-to-delete-cookie-files-in-internet-explorer-bca9446f-d873-78de-77ba-d42645fa52fc\" rel=\"noopener\">https:\/\/support.microsoft.com\/en-us\/topic\/how-to-delete-cookie-files-in-internet-explorer-bca9446f-d873-78de-77ba-d42645fa52fc<\/a><\/p><p>Wenn Sie einen anderen Webbrowser verwenden, lesen Sie bitte die offiziellen Support-Dokumente Ihres Browsers.<\/p><\/div>\n\n","protected":false},"excerpt":{"rendered":"<p>Cookie-Richtlinie G\u00fcltig ab: 30. Oktober 2024 Letzte Aktualisierung: 30. Oktober 2024 Was sind Cookies? Diese Cookie-Richtlinie erkl\u00e4rt, was Cookies sind<\/p>\n","protected":false},"author":1,"featured_media":0,"parent":0,"menu_order":0,"comment_status":"closed","ping_status":"closed","template":"","meta":{"footnotes":""},"class_list":["post-5559","page","type-page","status-publish","hentry"],"_links":{"self":[{"href":"https:\/\/lukassimko.sk\/de\/wp-json\/wp\/v2\/pages\/5559","targetHints":{"allow":["GET"]}}],"collection":[{"href":"https:\/\/lukassimko.sk\/de\/wp-json\/wp\/v2\/pages"}],"about":[{"href":"https:\/\/lukassimko.sk\/de\/wp-json\/wp\/v2\/types\/page"}],"author":[{"embeddable":true,"href":"https:\/\/lukassimko.sk\/de\/wp-json\/wp\/v2\/users\/1"}],"replies":[{"embeddable":true,"href":"https:\/\/lukassimko.sk\/de\/wp-json\/wp\/v2\/comments?post=5559"}],"version-history":[{"count":0,"href":"https:\/\/lukassimko.sk\/de\/wp-json\/wp\/v2\/pages\/5559\/revisions"}],"wp:attachment":[{"href":"https:\/\/lukassimko.sk\/de\/wp-json\/wp\/v2\/media?parent=5559"}],"curies":[{"name":"wp","href":"https:\/\/api.w.org\/{rel}","templated":true}]}}