{"id":5596,"date":"2024-08-07T16:42:03","date_gmt":"2024-08-07T14:42:03","guid":{"rendered":"https:\/\/lukassimko.sk\/karpaltunnelsyndrom\/"},"modified":"2026-03-20T08:19:00","modified_gmt":"2026-03-20T07:19:00","slug":"karpaltunnelsyndrom","status":"publish","type":"page","link":"https:\/\/lukassimko.sk\/de\/haende\/karpaltunnelsyndrom\/","title":{"rendered":"Karpaltunnelsyndrom"},"content":{"rendered":"\t\t<div data-elementor-type=\"wp-page\" data-elementor-id=\"5596\" class=\"elementor elementor-5596 elementor-1727\" data-elementor-post-type=\"page\">\n\t\t\t\t<div class=\"wd-negative-gap elementor-element elementor-element-3fdb7c3 wd-section-stretch e-flex e-con-boxed e-con e-parent\" data-id=\"3fdb7c3\" data-element_type=\"container\" data-e-type=\"container\" data-settings=\"{&quot;background_background&quot;:&quot;classic&quot;}\">\n\t\t\t\t\t<div class=\"e-con-inner\">\n\t\t<div class=\"elementor-element elementor-element-0753095 e-con-full e-flex e-con e-child\" data-id=\"0753095\" data-element_type=\"container\" data-e-type=\"container\">\n\t\t\t\t<div class=\"elementor-element elementor-element-432500f wd-width-100 elementor-widget elementor-widget-wd_title\" data-id=\"432500f\" data-element_type=\"widget\" data-e-type=\"widget\" data-widget_type=\"wd_title.default\">\n\t\t\t\t<div class=\"elementor-widget-container\">\n\t\t\t\t\t\t\t<div class=\"title-wrapper wd-set-mb reset-last-child wd-title-color-default wd-title-style-default wd-title-size-default text-left\">\n\n\t\t\t\n\t\t\t<div class=\"liner-continer\">\n\t\t\t\t<h1 class=\"woodmart-title-container title wd-fontsize-l wd-underline-colored\">Karpaltunnelsyndrom<\/h1> \n\t\t\t\t\t\t\t<\/div>\n\n\t\t\t\t\t<\/div>\n\t\t\t\t\t\t<\/div>\n\t\t\t\t<\/div>\n\t\t\t\t<\/div>\n\t\t\t\t\t<\/div>\n\t\t\t\t<\/div>\n\t\t<div class=\"wd-negative-gap elementor-element elementor-element-862e02c e-flex e-con-boxed e-con e-parent\" data-id=\"862e02c\" data-element_type=\"container\" data-e-type=\"container\">\n\t\t\t\t\t<div class=\"e-con-inner\">\n\t\t<div class=\"elementor-element elementor-element-e72edc7 e-con-full e-flex e-con e-child\" data-id=\"e72edc7\" data-element_type=\"container\" data-e-type=\"container\" data-settings=\"{&quot;background_background&quot;:&quot;classic&quot;}\">\n\t\t\t\t<div class=\"elementor-element elementor-element-89860c9 elementor-widget elementor-widget-wd_infobox\" data-id=\"89860c9\" data-element_type=\"widget\" data-e-type=\"widget\" data-widget_type=\"wd_infobox.default\">\n\t\t\t\t<div class=\"elementor-widget-container\">\n\t\t\t\t\t\t\t<div class=\"info-box-wrapper\">\n\t\t\t<div class=\"wd-info-box text-left box-icon-align-top box-style-base color-scheme-\">\n\t\t\t\t\n\t\t\t\t<div class=\"info-box-content\">\n\t\t\t\t\t\n\t\t\t\t\t\t\t\t\t\t\t<h4\t\t\t\t\t\tclass=\"info-box-title title box-title-style-default wd-fontsize-m\" data-elementor-setting-key=\"title\">\n\t\t\t\t\t\t\t\tSymptome\t\t\t\t\t\t<\/h4>\n\t\t\t\t\t\n\t\t\t\t\t<div class=\"info-box-inner reset-last-child\"data-elementor-setting-key=\"content\"><ul>\n<li>Taubheit und Kribbeln in den Fingern der Hand<\/li>\n<\/ul>\n<ul>\n<li>N\u00e4chtliche Schmerzen in der Hand<\/li>\n<\/ul>\n<ul>\n<li>Atrophie der Muskeln des Daumenbauchs<\/li>\n<\/ul>\n<\/div>\n\n\t\t\t\t\t\t\t\t\t<\/div>\n\n\t\t\t\t\t\t\t<\/div>\n\t\t<\/div>\n\t\t\t\t\t\t<\/div>\n\t\t\t\t<\/div>\n\t\t\t\t<\/div>\n\t\t<div class=\"elementor-element elementor-element-33ffe69 e-con-full e-flex e-con e-child\" data-id=\"33ffe69\" data-element_type=\"container\" data-e-type=\"container\" data-settings=\"{&quot;background_background&quot;:&quot;classic&quot;}\">\n\t\t\t\t<div class=\"elementor-element elementor-element-443e41f elementor-widget elementor-widget-wd_infobox\" data-id=\"443e41f\" data-element_type=\"widget\" data-e-type=\"widget\" data-widget_type=\"wd_infobox.default\">\n\t\t\t\t<div class=\"elementor-widget-container\">\n\t\t\t\t\t\t\t<div class=\"info-box-wrapper\">\n\t\t\t<div class=\"wd-info-box text-left box-icon-align-top box-style-base color-scheme-\">\n\t\t\t\t\n\t\t\t\t<div class=\"info-box-content\">\n\t\t\t\t\t\n\t\t\t\t\t\t\t\t\t\t\t<h4\t\t\t\t\t\tclass=\"info-box-title title box-title-style-default wd-fontsize-m\" data-elementor-setting-key=\"title\">\n\t\t\t\t\t\t\t\tBehandlung\t\t\t\t\t\t<\/h4>\n\t\t\t\t\t\n\t\t\t\t\t<div class=\"info-box-inner reset-last-child\"data-elementor-setting-key=\"content\"><ul>\n<li>konservativ (Ruhe, Schienung, B-Vitamine, Wechsel der Arbeit)<\/li>\n<\/ul>\n<ul>\n<li>operativ (15 Minuten unter Lokalan\u00e4sthesie)<\/li>\n<\/ul>\n<\/div>\n\n\t\t\t\t\t\t\t\t\t<\/div>\n\n\t\t\t\t\t\t\t<\/div>\n\t\t<\/div>\n\t\t\t\t\t\t<\/div>\n\t\t\t\t<\/div>\n\t\t\t\t<\/div>\n\t\t\t\t\t<\/div>\n\t\t\t\t<\/div>\n\t\t<div class=\"wd-negative-gap elementor-element elementor-element-fc10174 e-flex e-con-boxed e-con e-parent\" data-id=\"fc10174\" data-element_type=\"container\" data-e-type=\"container\">\n\t\t\t\t\t<div class=\"e-con-inner\">\n\t\t<div class=\"elementor-element elementor-element-a042312 e-con-full e-flex e-con e-child\" data-id=\"a042312\" data-element_type=\"container\" data-e-type=\"container\" data-settings=\"{&quot;background_background&quot;:&quot;classic&quot;}\">\n\t\t\t\t<div class=\"elementor-element elementor-element-8f93583 elementor-widget elementor-widget-video\" data-id=\"8f93583\" data-element_type=\"widget\" data-e-type=\"widget\" data-settings=\"{&quot;youtube_url&quot;:&quot;https:\\\/\\\/www.youtube.com\\\/watch?v=70qvskkxsVQ&quot;,&quot;video_type&quot;:&quot;youtube&quot;,&quot;controls&quot;:&quot;yes&quot;}\" data-widget_type=\"video.default\">\n\t\t\t\t\t\t\t<div class=\"elementor-wrapper elementor-open-inline\">\n\t\t\t<div class=\"elementor-video\"><\/div>\t\t<\/div>\n\t\t\t\t\t\t<\/div>\n\t\t\t\t<\/div>\n\t\t<div class=\"elementor-element elementor-element-c8ea292 e-con-full e-flex e-con e-child\" data-id=\"c8ea292\" data-element_type=\"container\" data-e-type=\"container\">\n\t\t\t\t<div class=\"elementor-element elementor-element-58cf546 wd-width-100 elementor-widget elementor-widget-wd_title\" data-id=\"58cf546\" data-element_type=\"widget\" data-e-type=\"widget\" data-widget_type=\"wd_title.default\">\n\t\t\t\t<div class=\"elementor-widget-container\">\n\t\t\t\t\t\t\t<div class=\"title-wrapper wd-set-mb reset-last-child wd-title-color-default wd-title-style-default wd-title-size-default text-left\">\n\n\t\t\t\t\t\t\t\t\t\t\t<div class=\"title-subtitle subtitle-color-default subtitle-style-default wd-fontsize-xs\">\n\t\t\t\t\tLeistungstyp\t\t\t\t<\/div>\n\t\t\t\n\t\t\t<div class=\"liner-continer\">\n\t\t\t\t<h2 class=\"woodmart-title-container title wd-fontsize-l\">Karpaltunnelsyndrom<br \/>\n<\/h2> \n\t\t\t\t\t\t\t<\/div>\n\n\t\t\t\t\t\t\t<div class=\"title-after_title reset-last-child wd-fontsize-xs\">\n\t\t\t\t\t<p>Das Karpaltunnelsyndrom, auch Karpaltunnelsyndrom genannt, ist eine der am h\u00e4ufigsten auftretenden neuro-oppressiven Erkrankungen der Hand. Diese Erkrankung wird oft durch regelm\u00e4\u00dfige \u00dcberlastung des Handgelenks (z.B. durch unangemessene manuelle Arbeit) oder monotone, sich wiederholende T\u00e4tigkeiten (z.B. Computerarbeit, G\u00fcrtelherstellung) verursacht. Das weibliche Geschlecht ist h\u00e4ufiger betroffen. Die Ursachen sind einseitig - f\u00fcr die Hand anstrengende Arbeit, \u00dcbergangszeit, angeborene Veranlagung des engen Karpaltunnels, Schwangerschaft.   <\/p><p>Bei dieser Krankheit verengt sich aufgrund der Verdickung der Sehnen und ihrer H\u00fcllen der Raum des Karpaltunnels. Dadurch wird ein st\u00e4ndiger Druck auf den Handnerv ausge\u00fcbt, der ein Schmerz- und Taubheitsgef\u00fchl in den Fingern des ersten bis vierten Fingers verursacht. Auch die Sensibilit\u00e4t der Finger kann vermindert sein, und die Feinmotorik der Hand kann beeintr\u00e4chtigt sein. Die Patienten wachen oft morgens mit Schmerzen in der Hand auf.   <\/p><p>Eine Operation ist immer indiziert und wird von einem Neurologen auf der Grundlage einer EMG-Untersuchung empfohlen.<\/p>\t\t\t\t<\/div>\n\t\t\t\t\t<\/div>\n\t\t\t\t\t\t<\/div>\n\t\t\t\t<\/div>\n\t\t\t\t<\/div>\n\t\t\t\t\t<\/div>\n\t\t\t\t<\/div>\n\t\t<div class=\"wd-negative-gap elementor-element elementor-element-5086427 e-flex e-con-boxed e-con e-parent\" data-id=\"5086427\" data-element_type=\"container\" data-e-type=\"container\">\n\t\t\t\t\t<div class=\"e-con-inner\">\n\t\t\t\t<div class=\"elementor-element elementor-element-d1c5701 elementor-widget-divider--view-line elementor-widget elementor-widget-divider\" data-id=\"d1c5701\" data-element_type=\"widget\" data-e-type=\"widget\" data-widget_type=\"divider.default\">\n\t\t\t\t\t\t\t<div class=\"elementor-divider\">\n\t\t\t<span class=\"elementor-divider-separator\">\n\t\t\t\t\t\t<\/span>\n\t\t<\/div>\n\t\t\t\t\t\t<\/div>\n\t\t\t\t<div class=\"elementor-element elementor-element-3cafbef wd-width-100 elementor-widget elementor-widget-wd_title\" data-id=\"3cafbef\" data-element_type=\"widget\" data-e-type=\"widget\" data-widget_type=\"wd_title.default\">\n\t\t\t\t<div class=\"elementor-widget-container\">\n\t\t\t\t\t\t\t<div class=\"title-wrapper wd-set-mb reset-last-child wd-title-color-default wd-title-style-default wd-title-size-default text-left\">\n\n\t\t\t\t\t\t\t\t\t\t\t<div class=\"title-subtitle subtitle-color-default subtitle-style-default wd-fontsize-xs\">\n\t\t\t\t\tFAQ\t\t\t\t<\/div>\n\t\t\t\n\t\t\t<div class=\"liner-continer\">\n\t\t\t\t<h2 class=\"woodmart-title-container title wd-fontsize-l\">H\u00e4ufig gestellte Fragen<\/h2> \n\t\t\t\t\t\t\t<\/div>\n\n\t\t\t\t\t<\/div>\n\t\t\t\t\t\t<\/div>\n\t\t\t\t<\/div>\n\t\t\t\t<div class=\"elementor-element elementor-element-b181539 elementor-widget elementor-widget-wd_accordion\" data-id=\"b181539\" data-element_type=\"widget\" data-e-type=\"widget\" data-widget_type=\"wd_accordion.default\">\n\t\t\t\t<div class=\"elementor-widget-container\">\n\t\t\t\t\t\n\t\t<div class=\"wd-accordion wd-style-shadow wd-titles-left wd-opener-pos-right wd-opener-style-arrow\" data-state=\"all_closed\">\n\t\t\t\t\t\t\t\n\t\t\t\t<div class=\"wd-accordion-item\">\n\t\t\t\t\t<div class=\"wd-accordion-title wd-role-btn\" data-accordion-index=\"0\" tabindex=\"0\">\n\t\t\t\t\t\t<div class=\"wd-accordion-title-text\">\n\t\t\t\t\t\t\t\t\t\t\t\t\t\t<span>\n\t\t\t\t\t\t\t\tVor der Operation\t\t\t\t\t\t\t<\/span>\n\t\t\t\t\t\t<\/div>\n\t\t\t\t\t\t<span class=\"wd-accordion-opener\"><\/span>\n\t\t\t\t\t<\/div>\n\n\t\t\t\t\t<div class=\"wd-accordion-content wd-entry-content\" data-accordion-index=\"0\">\n\t\t\t\t\t\t\t\t\t\t\t\t\t\n\t\t\t\t\t\t\t<p>F\u00fcr die Operation des Karpaltunnelsyndroms ist eine lokale An\u00e4sthesie ausreichend. Abgesehen von den \u00fcblichen pr\u00e4operativen Untersuchungen muss sich der Patient keiner besonderen Vorbereitung unterziehen. Wie bei allen chirurgischen Eingriffen muss der Arzt jedoch \u00fcber alle medizinischen Probleme, Medikamente oder Allergien informiert werden, unter denen der Patient m\u00f6glicherweise leidet. Wenn der Patient entz\u00fcndungshemmende oder blutverd\u00fcnnende Medikamente einnimmt, sollten diese vor der Operation sicherheitshalber abgesetzt oder zumindest in der Dosierung reduziert werden.   <\/p>\n\t\t\t\t\t\t\t\t\t\t\t\t\t\t\t\t\t\t<\/div>\n\t\t\t\t<\/div>\n\t\t\t\t\t\t\t\n\t\t\t\t<div class=\"wd-accordion-item\">\n\t\t\t\t\t<div class=\"wd-accordion-title wd-role-btn\" data-accordion-index=\"1\" tabindex=\"0\">\n\t\t\t\t\t\t<div class=\"wd-accordion-title-text\">\n\t\t\t\t\t\t\t\t\t\t\t\t\t\t<span>\n\t\t\t\t\t\t\t\tDer Verlauf der Operation\t\t\t\t\t\t\t<\/span>\n\t\t\t\t\t\t<\/div>\n\t\t\t\t\t\t<span class=\"wd-accordion-opener\"><\/span>\n\t\t\t\t\t<\/div>\n\n\t\t\t\t\t<div class=\"wd-accordion-content wd-entry-content\" data-accordion-index=\"1\">\n\t\t\t\t\t\t\t\t\t\t\t\t\t\n\t\t\t\t\t\t\t<p>Die Operation des Karpaltunnelsyndroms selbst wird unter lokaler An\u00e4sthesie und in einer so genannten unblutigen Umgebung durchgef\u00fchrt. Dies geschieht, damit das Blut den Chirurgen w\u00e4hrend des Eingriffs nicht behindert. Vor dem Eingriff wird daher die Blutzufuhr des Patienten durch eine Abschn\u00fcrung in der Handfl\u00e4che gestoppt. Der Nerv wird dann durch einen Einschnitt in der Handfl\u00e4che freigelegt.   <\/p>\n\t\t\t\t\t\t\t\t\t\t\t\t\t\t\t\t\t\t<\/div>\n\t\t\t\t<\/div>\n\t\t\t\t\t\t\t\n\t\t\t\t<div class=\"wd-accordion-item\">\n\t\t\t\t\t<div class=\"wd-accordion-title wd-role-btn\" data-accordion-index=\"2\" tabindex=\"0\">\n\t\t\t\t\t\t<div class=\"wd-accordion-title-text\">\n\t\t\t\t\t\t\t\t\t\t\t\t\t\t<span>\n\t\t\t\t\t\t\t\tNach der Operation\t\t\t\t\t\t\t<\/span>\n\t\t\t\t\t\t<\/div>\n\t\t\t\t\t\t<span class=\"wd-accordion-opener\"><\/span>\n\t\t\t\t\t<\/div>\n\n\t\t\t\t\t<div class=\"wd-accordion-content wd-entry-content\" data-accordion-index=\"2\">\n\t\t\t\t\t\t\t\t\t\t\t\t\t\n\t\t\t\t\t\t\t<p>Das Karpaltunnelsyndrom f\u00e4llt unter die so genannte taggleiche Operation und der Patient kann noch am selben Tag nach dem Eingriff nach Hause gehen. Kurz nach der Operation kann der Patient Schmerzen versp\u00fcren und es kann zu Schwellungen und Bluterg\u00fcssen an der Operationsstelle kommen. Es hilft, den operierten Arm hochzulegen, um die Schmerzen zu lindern, und auch Schmerzmittel sind eine L\u00f6sung. Die Operationswunde muss in einer sterilen Umgebung aufbewahrt werden, bis der Patient die F\u00e4den entfernt hat. Das ist in der Regel zwei Wochen nach der eigentlichen Operation. Die \u00c4rzte empfehlen, bereits am Tag nach der Operation mit der Rehabilitation zu beginnen. Es kann zu leichten Blutungen aus der postoperativen Wunde kommen, aber eine fr\u00fche Rehabilitation ist \u00e4u\u00dferst wichtig, um Verwachsungen zwischen den Sehnen zu verhindern. Die Genesung dauert 4-6 Wochen.       <\/p>\n\t\t\t\t\t\t\t\t\t\t\t\t\t\t\t\t\t\t<\/div>\n\t\t\t\t<\/div>\n\t\t\t\t\t\t\t\n\t\t\t\t<div class=\"wd-accordion-item\">\n\t\t\t\t\t<div class=\"wd-accordion-title wd-role-btn\" data-accordion-index=\"3\" tabindex=\"0\">\n\t\t\t\t\t\t<div class=\"wd-accordion-title-text\">\n\t\t\t\t\t\t\t\t\t\t\t\t\t\t<span>\n\t\t\t\t\t\t\t\tKomplikationen\t\t\t\t\t\t\t<\/span>\n\t\t\t\t\t\t<\/div>\n\t\t\t\t\t\t<span class=\"wd-accordion-opener\"><\/span>\n\t\t\t\t\t<\/div>\n\n\t\t\t\t\t<div class=\"wd-accordion-content wd-entry-content\" data-accordion-index=\"3\">\n\t\t\t\t\t\t\t\t\t\t\t\t\t\n\t\t\t\t\t\t\t<p>Die wichtigste m\u00f6gliche Komplikation ist die unvollst\u00e4ndige Aufl\u00f6sung der Nervenkompression, was ein Fortbestehen der Symptome bedeuten kann. Zu den h\u00e4ufigen Komplikationen, die mit jedem chirurgischen Eingriff einhergehen, geh\u00f6ren Infektionen und Blutungen, Risse in der Operationswunde, eine verl\u00e4ngerte Wundheilung, die Bildung hypertropher bis keloider Narben sowie allergische Reaktionen auf Desinfektionsmittel, verwendete Medikamente oder Naht- und Verbandsmaterialien. Bei schwerwiegenden Komplikationen kann eine erneute Operation erforderlich sein.  <\/p><p>Dies kann als Chat zu jeder Operation gegeben werden...<\/p><p>Im Allgemeinen ist die Wahrscheinlichkeit von Komplikationen direkt proportional zum Vorhandensein von Risikofaktoren (z.B. fortgeschrittenes Alter, Diabetes mellitus, Arteriosklerose, Herz- und Lungenerkrankungen, schlechter Lebensstil, Fettleibigkeit, Rauchen, gr\u00f6\u00dfere Operationen).<\/p><p>Zu den allgemeinen Komplikationen, die bei jedem chirurgischen Eingriff auftreten k\u00f6nnen, geh\u00f6ren Blutungen w\u00e4hrend und nach der Operation, Infektionen, Risse in der Operationswunde, eine verl\u00e4ngerte Wundheilung, hypertrophe bis keloide Narbenbildung, allergische Reaktionen auf die Desinfektion, die verwendeten Medikamente oder auf Naht- und Verbandsmaterialien. Bei schwerwiegenden Komplikationen kann eine erneute Operation erforderlich sein. <\/p>\n\t\t\t\t\t\t\t\t\t\t\t\t\t\t\t\t\t\t<\/div>\n\t\t\t\t<\/div>\n\t\t\t\t\t<\/div>\n\t\t\t\t\t\t<\/div>\n\t\t\t\t<\/div>\n\t\t\t\t\t<\/div>\n\t\t\t\t<\/div>\n\t\t\t\t<\/div>\n\t\t","protected":false},"excerpt":{"rendered":"<p>Karpaltunnelsyndrom Symptome Taubheit und Kribbeln in den Fingern der Hand N\u00e4chtliche Schmerzen in der Hand Atrophie der Muskeln des Daumenbauchs<\/p>\n","protected":false},"author":1,"featured_media":0,"parent":5604,"menu_order":0,"comment_status":"closed","ping_status":"closed","template":"","meta":{"footnotes":""},"class_list":["post-5596","page","type-page","status-publish","hentry"],"_links":{"self":[{"href":"https:\/\/lukassimko.sk\/de\/wp-json\/wp\/v2\/pages\/5596","targetHints":{"allow":["GET"]}}],"collection":[{"href":"https:\/\/lukassimko.sk\/de\/wp-json\/wp\/v2\/pages"}],"about":[{"href":"https:\/\/lukassimko.sk\/de\/wp-json\/wp\/v2\/types\/page"}],"author":[{"embeddable":true,"href":"https:\/\/lukassimko.sk\/de\/wp-json\/wp\/v2\/users\/1"}],"replies":[{"embeddable":true,"href":"https:\/\/lukassimko.sk\/de\/wp-json\/wp\/v2\/comments?post=5596"}],"version-history":[{"count":2,"href":"https:\/\/lukassimko.sk\/de\/wp-json\/wp\/v2\/pages\/5596\/revisions"}],"predecessor-version":[{"id":8114,"href":"https:\/\/lukassimko.sk\/de\/wp-json\/wp\/v2\/pages\/5596\/revisions\/8114"}],"up":[{"embeddable":true,"href":"https:\/\/lukassimko.sk\/de\/wp-json\/wp\/v2\/pages\/5604"}],"wp:attachment":[{"href":"https:\/\/lukassimko.sk\/de\/wp-json\/wp\/v2\/media?parent=5596"}],"curies":[{"name":"wp","href":"https:\/\/api.w.org\/{rel}","templated":true}]}}