{"id":5626,"date":"2024-08-07T14:55:56","date_gmt":"2024-08-07T12:55:56","guid":{"rendered":"https:\/\/lukassimko.sk\/liposuktion-fettabsaugung\/"},"modified":"2025-01-23T12:12:41","modified_gmt":"2025-01-23T11:12:41","slug":"liposuktion-fettabsaugung","status":"publish","type":"page","link":"https:\/\/lukassimko.sk\/de\/koerper\/liposuktion-fettabsaugung\/","title":{"rendered":"Liposuktion &#8211; Fettabsaugung"},"content":{"rendered":"\t\t<div data-elementor-type=\"wp-page\" data-elementor-id=\"5626\" class=\"elementor elementor-5626 elementor-1657\" data-elementor-post-type=\"page\">\n\t\t\t\t<div class=\"wd-negative-gap elementor-element elementor-element-76409a5 wd-section-stretch e-flex e-con-boxed e-con e-parent\" data-id=\"76409a5\" data-element_type=\"container\" data-e-type=\"container\" data-settings=\"{&quot;background_background&quot;:&quot;classic&quot;}\">\n\t\t\t\t\t<div class=\"e-con-inner\">\n\t\t<div class=\"elementor-element elementor-element-5e4d461 e-con-full e-flex e-con e-child\" data-id=\"5e4d461\" data-element_type=\"container\" data-e-type=\"container\">\n\t\t\t\t<div class=\"elementor-element elementor-element-751796b wd-width-100 elementor-widget elementor-widget-wd_title\" data-id=\"751796b\" data-element_type=\"widget\" data-e-type=\"widget\" data-widget_type=\"wd_title.default\">\n\t\t\t\t<div class=\"elementor-widget-container\">\n\t\t\t\t\t\t\t<div class=\"title-wrapper wd-set-mb reset-last-child wd-title-color-default wd-title-style-default wd-title-size-default text-left\">\n\n\t\t\t\n\t\t\t<div class=\"liner-continer\">\n\t\t\t\t<h1 class=\"woodmart-title-container title wd-fontsize-l wd-underline-colored\">Liposuktion - Fettabsaugung<\/h1> \n\t\t\t\t\t\t\t<\/div>\n\n\t\t\t\t\t<\/div>\n\t\t\t\t\t\t<\/div>\n\t\t\t\t<\/div>\n\t\t\t\t<\/div>\n\t\t\t\t\t<\/div>\n\t\t\t\t<\/div>\n\t\t<div class=\"wd-negative-gap elementor-element elementor-element-d1f5e12 e-grid e-con-boxed e-con e-parent\" data-id=\"d1f5e12\" data-element_type=\"container\" data-e-type=\"container\">\n\t\t\t\t\t<div class=\"e-con-inner\">\n\t\t<div class=\"elementor-element elementor-element-926612e e-con-full e-flex e-con e-child\" data-id=\"926612e\" data-element_type=\"container\" data-e-type=\"container\" data-settings=\"{&quot;background_background&quot;:&quot;classic&quot;}\">\n\t\t\t\t<div class=\"elementor-element elementor-element-016a4e8 elementor-position-inline-start elementor-tablet-position-block-start elementor-view-default elementor-mobile-position-block-start elementor-widget elementor-widget-icon-box\" data-id=\"016a4e8\" data-element_type=\"widget\" data-e-type=\"widget\" data-widget_type=\"icon-box.default\">\n\t\t\t\t\t\t\t<div class=\"elementor-icon-box-wrapper\">\n\n\t\t\t\t\t\t<div class=\"elementor-icon-box-icon\">\n\t\t\t\t<span  class=\"elementor-icon\">\n\t\t\t\t<svg xmlns=\"http:\/\/www.w3.org\/2000\/svg\" id=\"Layer_1\" width=\"500\" height=\"500\" viewBox=\"0 0 500 500\"><g id=\"Group_431\" data-name=\"Group 431\"><circle id=\"Ellipse_19\" data-name=\"Ellipse 19\" cx=\"250\" cy=\"250\" r=\"250\" fill=\"#3aafbf\"><\/circle><g id=\"Group_430\" data-name=\"Group 430\"><path id=\"Path_123\" data-name=\"Path 123\" d=\"M214.44,228.75h8.98l.23.67c5.89,17.15,20.94,28.68,37.44,28.68,11.02,0,21.28-4.87,28.91-13.72a5.449,5.449,0,0,0,1.22-5.5,6.636,6.636,0,0,0-4.85-4.2,5.451,5.451,0,0,0-5.27,2c-5.34,6.2-12.45,9.61-20.01,9.61-9.97,0-19.3-6.17-24.36-16.09l-.74-1.45h35.1a5.911,5.911,0,0,0,0-11.82H232.96l-.06-.94c-.05-.84-.08-1.63-.08-2.4s.02-1.56.08-2.41l.06-.94h38.13a5.911,5.911,0,0,0,0-11.82h-35.1l.74-1.45c5.06-9.92,14.39-16.08,24.36-16.08,7.57,0,14.67,3.41,20.01,9.61a5.427,5.427,0,0,0,5.26,1.99,6.6,6.6,0,0,0,4.85-4.2,5.458,5.458,0,0,0-1.22-5.5c-7.63-8.85-17.9-13.72-28.91-13.72-16.5,0-31.55,11.52-37.44,28.67l-.23.67h-8.98a5.911,5.911,0,0,0,0,11.82h6.69l-.04,1.04c-.03.76-.05,1.53-.05,2.3s.02,1.54.05,2.3l.04,1.04h-6.69a5.911,5.911,0,0,0,0,11.82Z\" fill=\"#fff\"><\/path><path id=\"Path_124\" data-name=\"Path 124\" d=\"M349.4,128.92H150.6a37.736,37.736,0,0,0-37.69,37.69V333.4a37.736,37.736,0,0,0,37.69,37.69H349.4a37.736,37.736,0,0,0,37.69-37.69V166.61A37.736,37.736,0,0,0,349.4,128.92Zm25.88,204.47a25.91,25.91,0,0,1-25.88,25.88H150.6a25.91,25.91,0,0,1-25.88-25.88v-8.97l1.64,1.39a37.683,37.683,0,0,0,24.23,8.87h198.8a37.663,37.663,0,0,0,24.23-8.87l1.64-1.39v8.97Zm0-36.4a25.91,25.91,0,0,1-25.88,25.88H150.6a25.91,25.91,0,0,1-25.88-25.88v-8.97l1.64,1.39a37.663,37.663,0,0,0,24.23,8.87h198.8a37.643,37.643,0,0,0,24.23-8.87l1.64-1.39v8.97Zm0-111.58H350.44a5.911,5.911,0,0,0,0,11.82h24.84v32.75H350.44a5.911,5.911,0,0,0,0,11.82h24.84v18.8a25.91,25.91,0,0,1-25.88,25.88H150.6a25.91,25.91,0,0,1-25.88-25.88V241.8h24.84a5.911,5.911,0,0,0,0-11.82H124.72V197.23h24.84a5.911,5.911,0,0,0,0-11.82H124.72v-18.8a25.91,25.91,0,0,1,25.88-25.88H349.4a25.91,25.91,0,0,1,25.88,25.88v18.8Z\" fill=\"#fff\"><\/path><\/g><\/g><\/svg>\t\t\t\t<\/span>\n\t\t\t<\/div>\n\t\t\t\n\t\t\t\t\t\t<div class=\"elementor-icon-box-content\">\n\n\t\t\t\t\t\t\t\t\t<h3 class=\"elementor-icon-box-title\">\n\t\t\t\t\t\t<span  >\n\t\t\t\t\t\t\tPreis des Verfahrens\t\t\t\t\t\t<\/span>\n\t\t\t\t\t<\/h3>\n\t\t\t\t\n\t\t\t\t\t\t\t\t\t<p class=\"elementor-icon-box-description\">\n\t\t\t\t\t\tvon 1000\u20ac\t\t\t\t\t<\/p>\n\t\t\t\t\n\t\t\t<\/div>\n\t\t\t\n\t\t<\/div>\n\t\t\t\t\t\t<\/div>\n\t\t\t\t<\/div>\n\t\t<div class=\"elementor-element elementor-element-d1db828 e-con-full e-flex e-con e-child\" data-id=\"d1db828\" data-element_type=\"container\" data-e-type=\"container\" data-settings=\"{&quot;background_background&quot;:&quot;classic&quot;}\">\n\t\t\t\t<div class=\"elementor-element elementor-element-b731c4c elementor-position-inline-start elementor-tablet-position-block-start elementor-view-default elementor-mobile-position-block-start elementor-widget elementor-widget-icon-box\" data-id=\"b731c4c\" data-element_type=\"widget\" data-e-type=\"widget\" data-widget_type=\"icon-box.default\">\n\t\t\t\t\t\t\t<div class=\"elementor-icon-box-wrapper\">\n\n\t\t\t\t\t\t<div class=\"elementor-icon-box-icon\">\n\t\t\t\t<span  class=\"elementor-icon\">\n\t\t\t\t<svg xmlns=\"http:\/\/www.w3.org\/2000\/svg\" id=\"Layer_3\" data-name=\"Layer 3\" width=\"500\" height=\"500\" viewBox=\"0 0 500 500\"><g id=\"Layer_1\" data-name=\"Layer 1\"><circle id=\"Ellipse_21\" data-name=\"Ellipse 21\" cx=\"250\" cy=\"250\" r=\"250\" fill=\"#3aafbf\"><\/circle><path id=\"Path_129\" data-name=\"Path 129\" d=\"M350.41,149.59A142,142,0,1,0,392,250a142,142,0,0,0-41.59-100.41ZM250,379.12A129.12,129.12,0,1,1,379.12,250,129.12,129.12,0,0,1,250,379.12Z\" fill=\"#fff\"><\/path><path id=\"Path_130\" data-name=\"Path 130\" d=\"M243,227.08l-1.35.47a23.94,23.94,0,0,0,12.23,46.16l1.41-.26,24.4,42.8a6.434,6.434,0,0,0,11.18-6.37l-24.41-42.82,1-1.07a23.92,23.92,0,0,0-10.19-38.44l-1.34-.47V199.17a6.44,6.44,0,0,0-12.88,0Zm6.44,12a11.054,11.054,0,1,0,0,.04Z\" fill=\"#fff\"><\/path><path id=\"Path_131\" data-name=\"Path 131\" d=\"M250,141.89a6.72,6.72,0,0,0-4.73,2.12,5.76,5.76,0,0,0-1.71,4.23,6.56,6.56,0,0,0,6.44,6.53,6.73,6.73,0,0,0,4.73-2.13,5.74,5.74,0,0,0,1.71-4.22A6.56,6.56,0,0,0,250,141.89Z\" fill=\"#fff\"><\/path><path id=\"Path_132\" data-name=\"Path 132\" d=\"M199,155.26a6.73,6.73,0,0,0-4.74,2.12,5.73,5.73,0,0,0-1.7,4.22,6.54,6.54,0,0,0,6.44,6.53,6.72,6.72,0,0,0,4.73-2.12,5.73,5.73,0,0,0,1.7-4.23A6.53,6.53,0,0,0,199,155.26Z\" fill=\"#fff\"><\/path><path id=\"Path_133\" data-name=\"Path 133\" d=\"M161.51,192.33a6.74,6.74,0,0,0-4.74,2.13,5.73,5.73,0,0,0-1.7,4.22,6.55,6.55,0,0,0,6.44,6.53,6.73,6.73,0,0,0,4.73-2.13,5.78,5.78,0,0,0,1.71-4.22A6.56,6.56,0,0,0,161.51,192.33Z\" fill=\"#fff\"><\/path><path id=\"Path_134\" data-name=\"Path 134\" d=\"M147.58,243.19a6.76,6.76,0,0,0-4.74,2.12,5.77,5.77,0,0,0-1.7,4.23,6.54,6.54,0,0,0,6.44,6.52,6.72,6.72,0,0,0,4.73-2.12,5.78,5.78,0,0,0,1.71-4.23h0A6.55,6.55,0,0,0,147.58,243.19Z\" fill=\"#fff\"><\/path><path id=\"Path_135\" data-name=\"Path 135\" d=\"M160.94,294.19a6.73,6.73,0,0,0-4.73,2.13,5.78,5.78,0,0,0-1.71,4.22,6.56,6.56,0,0,0,6.44,6.53,6.74,6.74,0,0,0,4.74-2.13,5.77,5.77,0,0,0,1.7-4.22,6.55,6.55,0,0,0-6.44-6.53Z\" fill=\"#fff\"><\/path><path id=\"Path_136\" data-name=\"Path 136\" d=\"M198,331.68a6.73,6.73,0,0,0-4.73,2.13,5.74,5.74,0,0,0-1.71,4.22,6.56,6.56,0,0,0,6.44,6.53,6.73,6.73,0,0,0,4.73-2.13,5.74,5.74,0,0,0,1.71-4.22,6.56,6.56,0,0,0-6.44-6.53Z\" fill=\"#fff\"><\/path><path id=\"Path_137\" data-name=\"Path 137\" d=\"M248.88,345.61a6.73,6.73,0,0,0-4.74,2.12,5.73,5.73,0,0,0-1.7,4.23,6.54,6.54,0,0,0,6.44,6.52,6.72,6.72,0,0,0,4.73-2.12,5.73,5.73,0,0,0,1.7-4.22A6.54,6.54,0,0,0,248.88,345.61Z\" fill=\"#fff\"><\/path><path id=\"Path_138\" data-name=\"Path 138\" d=\"M299.88,332.24a6.73,6.73,0,0,0-4.73,2.13,5.74,5.74,0,0,0-1.71,4.22,6.56,6.56,0,0,0,6.44,6.53,6.72,6.72,0,0,0,4.73-2.12,5.75,5.75,0,0,0,1.71-4.23,6.56,6.56,0,0,0-6.44-6.53Z\" fill=\"#fff\"><\/path><path id=\"Path_139\" data-name=\"Path 139\" d=\"M337.37,295.17a6.76,6.76,0,0,0-4.74,2.12,5.77,5.77,0,0,0-1.7,4.22,6.55,6.55,0,0,0,6.44,6.53,6.72,6.72,0,0,0,4.73-2.12,5.75,5.75,0,0,0,1.71-4.23,6.55,6.55,0,0,0-6.44-6.52Z\" fill=\"#fff\"><\/path><path id=\"Path_140\" data-name=\"Path 140\" d=\"M351.3,244.31a6.74,6.74,0,0,0-4.74,2.13,5.77,5.77,0,0,0-1.7,4.22,6.55,6.55,0,0,0,6.44,6.53,6.73,6.73,0,0,0,4.73-2.13,5.78,5.78,0,0,0,1.71-4.22,6.56,6.56,0,0,0-6.44-6.53Z\" fill=\"#fff\"><\/path><path id=\"Path_141\" data-name=\"Path 141\" d=\"M337.93,193.31a6.72,6.72,0,0,0-4.73,2.12,5.75,5.75,0,0,0-1.71,4.23,6.55,6.55,0,0,0,6.44,6.52,6.76,6.76,0,0,0,4.74-2.12,5.77,5.77,0,0,0,1.7-4.23A6.54,6.54,0,0,0,337.93,193.31Z\" fill=\"#fff\"><\/path><path id=\"Path_142\" data-name=\"Path 142\" d=\"M300.85,155.82a6.72,6.72,0,0,0-4.73,2.12,5.73,5.73,0,0,0-1.7,4.23,6.53,6.53,0,0,0,6.43,6.52,6.73,6.73,0,0,0,4.74-2.12,5.73,5.73,0,0,0,1.7-4.22A6.54,6.54,0,0,0,300.85,155.82Z\" fill=\"#fff\"><\/path><\/g><\/svg>\t\t\t\t<\/span>\n\t\t\t<\/div>\n\t\t\t\n\t\t\t\t\t\t<div class=\"elementor-icon-box-content\">\n\n\t\t\t\t\t\t\t\t\t<h3 class=\"elementor-icon-box-title\">\n\t\t\t\t\t\t<span  >\n\t\t\t\t\t\t\tDauer der Auff\u00fchrung\t\t\t\t\t\t<\/span>\n\t\t\t\t\t<\/h3>\n\t\t\t\t\n\t\t\t\t\t\t\t\t\t<p class=\"elementor-icon-box-description\">\n\t\t\t\t\t\tje nach Anzahl der extrahierten Seiten dauert die Extraktion einer Seite etwa 0,5-1 Stunde\t\t\t\t\t<\/p>\n\t\t\t\t\n\t\t\t<\/div>\n\t\t\t\n\t\t<\/div>\n\t\t\t\t\t\t<\/div>\n\t\t\t\t<\/div>\n\t\t<div class=\"elementor-element elementor-element-0c66fed e-con-full e-flex e-con e-child\" data-id=\"0c66fed\" data-element_type=\"container\" data-e-type=\"container\" data-settings=\"{&quot;background_background&quot;:&quot;classic&quot;}\">\n\t\t\t\t<div class=\"elementor-element elementor-element-6b753fa elementor-position-inline-start elementor-tablet-position-block-start elementor-view-default elementor-mobile-position-block-start elementor-widget elementor-widget-icon-box\" data-id=\"6b753fa\" data-element_type=\"widget\" data-e-type=\"widget\" data-widget_type=\"icon-box.default\">\n\t\t\t\t\t\t\t<div class=\"elementor-icon-box-wrapper\">\n\n\t\t\t\t\t\t<div class=\"elementor-icon-box-icon\">\n\t\t\t\t<span  class=\"elementor-icon\">\n\t\t\t\t<svg xmlns=\"http:\/\/www.w3.org\/2000\/svg\" id=\"Layer_2\" data-name=\"Layer 2\" width=\"500\" height=\"500\" viewBox=\"0 0 500 500\"><g id=\"Layer_1\" data-name=\"Layer 1\"><circle id=\"Ellipse_20\" data-name=\"Ellipse 20\" cx=\"250\" cy=\"250\" r=\"250\" fill=\"#3aafbf\"><\/circle><path id=\"Path_125\" data-name=\"Path 125\" d=\"M388,277.89a69.47,69.47,0,0,0-69.39-69.39H221.75a4.09,4.09,0,0,0-4.09,4.09v36H206.51l1.1-1.58a22.74,22.74,0,1,0-37.27,0l1.1,1.58H160.29V201.33a24.148,24.148,0,1,0-48.3,0l.005,115a10.87,10.87,0,0,0,10.87,10.86h17.38v17.67a25,25,0,0,0,5.32,15.49l1.26,1.61H127.38a4.09,4.09,0,0,0,0,8.17H372.61a4.09,4.09,0,1,0,0-8.17H353.17l1.25-1.61a25,25,0,0,0,5.33-15.49V327.18h17.38A10.88,10.88,0,0,0,388,316.32ZM225.83,261.35h95.36a4.09,4.09,0,1,0,0-8.17H225.83V216.67h92.78a61.56,61.56,0,0,1,61,56.05l.09,1.09H225.83ZM189,219.5a14.56,14.56,0,1,1-14.56,14.56A14.56,14.56,0,0,1,189,219.5Zm-28.69,37.29h57.37v17H160.29Zm22.34,88.06a17.11,17.11,0,0,1-34.21,0V327.18h34.21Zm1.59,17.1,1.26-1.61a25,25,0,0,0,5.32-15.49V327.18H309.2v17.67a25,25,0,0,0,5.32,15.49l1.26,1.61Zm167.36-17.1a17.11,17.11,0,0,1-34.21,0V327.18H351.6Zm28.25-28.53a2.7,2.7,0,0,1-2.7,2.69H122.87a2.7,2.7,0,0,1-2.7-2.69V304H379.83Zm0-20.48H120.17V201.33a16,16,0,1,1,32,0v76.56a4.09,4.09,0,0,0,2.49,3.77,4.14,4.14,0,0,0,1.59.32H379.83Z\" fill=\"#fff\"><\/path><path id=\"Path_126\" data-name=\"Path 126\" d=\"M215.25,189.5H254a4.09,4.09,0,0,0,0-8.17H225.11l31.73-31.73a4.08,4.08,0,0,0-2.88-7H215.79a4.09,4.09,0,0,0,0,8.17h28.3L212.36,182.5a4.09,4.09,0,0,0,2.89,7Z\" fill=\"#fff\"><\/path><path id=\"Path_127\" data-name=\"Path 127\" d=\"M286.12,160.65h22.6a4.09,4.09,0,0,0,0-8.17H296l15.62-15.63a4.08,4.08,0,0,0-2.88-7H286.43a4.09,4.09,0,0,0,0,8.17h12.42l-15.62,15.62a4.08,4.08,0,0,0-.89,4.46h0a4.08,4.08,0,0,0,3.78,2.55Z\" fill=\"#fff\"><\/path><path id=\"Path_128\" data-name=\"Path 128\" d=\"M329.41,187.15h34a4.09,4.09,0,0,0,0-8.17H339.27l27-27a4.09,4.09,0,0,0-2.89-7H329.89a4.09,4.09,0,1,0,0,8.17h23.65l-27,27a4.1,4.1,0,0,0-.89,4.46h0a4.09,4.09,0,0,0,3.76,2.54Z\" fill=\"#fff\"><\/path><\/g><\/svg>\t\t\t\t<\/span>\n\t\t\t<\/div>\n\t\t\t\n\t\t\t\t\t\t<div class=\"elementor-icon-box-content\">\n\n\t\t\t\t\t\t\t\t\t<h3 class=\"elementor-icon-box-title\">\n\t\t\t\t\t\t<span  >\n\t\t\t\t\t\t\tAn\u00e4sthesie\t\t\t\t\t\t<\/span>\n\t\t\t\t\t<\/h3>\n\t\t\t\t\n\t\t\t\t\t\t\t\t\t<p class=\"elementor-icon-box-description\">\n\t\t\t\t\t\tLokal oder gesamt\t\t\t\t\t<\/p>\n\t\t\t\t\n\t\t\t<\/div>\n\t\t\t\n\t\t<\/div>\n\t\t\t\t\t\t<\/div>\n\t\t\t\t<\/div>\n\t\t\t\t\t<\/div>\n\t\t\t\t<\/div>\n\t\t<div class=\"wd-negative-gap elementor-element elementor-element-fc10174 e-flex e-con-boxed e-con e-parent\" data-id=\"fc10174\" data-element_type=\"container\" data-e-type=\"container\">\n\t\t\t\t\t<div class=\"e-con-inner\">\n\t\t<div class=\"elementor-element elementor-element-c8ea292 e-con-full e-flex e-con e-child\" data-id=\"c8ea292\" data-element_type=\"container\" data-e-type=\"container\">\n\t\t\t\t<div class=\"elementor-element elementor-element-58cf546 wd-width-100 elementor-widget elementor-widget-wd_title\" data-id=\"58cf546\" data-element_type=\"widget\" data-e-type=\"widget\" data-widget_type=\"wd_title.default\">\n\t\t\t\t<div class=\"elementor-widget-container\">\n\t\t\t\t\t\t\t<div class=\"title-wrapper wd-set-mb reset-last-child wd-title-color-default wd-title-style-default wd-title-size-default text-left\">\n\n\t\t\t\t\t\t\t\t\t\t\t<div class=\"title-subtitle subtitle-color-default subtitle-style-default wd-fontsize-xs\">\n\t\t\t\t\tLeistungstyp\t\t\t\t<\/div>\n\t\t\t\n\t\t\t<div class=\"liner-continer\">\n\t\t\t\t<h2 class=\"woodmart-title-container title wd-fontsize-l\">Liposuktion - Fettabsaugung<\/h2> \n\t\t\t\t\t\t\t<\/div>\n\n\t\t\t\t\t\t\t<div class=\"title-after_title reset-last-child wd-fontsize-xs\">\n\t\t\t\t\t<p>Die Fettabsaugung ist eine plastisch-chirurgische Methode zur K\u00f6rperkonturierung, bei der Fettablagerungen unter der Haut mit einer Absaugkan\u00fcle abgesaugt werden, die an ein Ger\u00e4t angeschlossen ist, das ein Vakuum erzeugt. Die Fettabsaugung dient nicht der Gewichtsabnahme, sondern entfernt das Fett vor allem an K\u00f6rperstellen, die auf Di\u00e4t und k\u00f6rperliche Bewegung nicht ansprechen. Sie wird zur Modellierung von Bauch, H\u00fcften, Flanken, Ges\u00e4\u00df, Oberschenkeln, Knien, Nacken, R\u00fccken, Br\u00fcsten und Schultern eingesetzt. Vor der Fettabsaugung wird eine Tumeszenzl\u00f6sung mit Lokalan\u00e4sthetika und Epinephrin in das Unterhautgewebe injiziert, um den Blutverlust zu verringern, die Fettentfernung zu erleichtern und die postoperativen Beschwerden, Schwellungen und Bluterg\u00fcsse zu reduzieren. Der Eingriff wird durch kleine, mehrere Millimeter gro\u00dfe Schnitte durchgef\u00fchrt.    <\/p>\t\t\t\t<\/div>\n\t\t\t\t\t<\/div>\n\t\t\t\t\t\t<\/div>\n\t\t\t\t<\/div>\n\t\t<div class=\"elementor-element elementor-element-45fb5be e-con-full e-grid e-con e-child\" data-id=\"45fb5be\" data-element_type=\"container\" data-e-type=\"container\" data-settings=\"{&quot;background_background&quot;:&quot;classic&quot;}\">\n\t\t<div class=\"elementor-element elementor-element-ae527de e-con-full e-flex e-con e-child\" data-id=\"ae527de\" data-element_type=\"container\" data-e-type=\"container\" data-settings=\"{&quot;background_background&quot;:&quot;classic&quot;}\">\n\t\t\t\t<div class=\"elementor-element elementor-element-726dc62 color-scheme-inherit text-left elementor-widget elementor-widget-text-editor\" data-id=\"726dc62\" data-element_type=\"widget\" data-e-type=\"widget\" data-widget_type=\"text-editor.default\">\n\t\t\t\t\t\t\t\t\t<p>Postoperativer Verlauf<\/p>\n<ul>\n<li><span style=\"color: #707070;\">  Erste ambulante Kontrolluntersuchung und Nahtentfernung nach 2 Wochen<\/span><\/li>\n<li><span style=\"color: #707070;\">Stiller Modus f\u00fcr 2 Wochen<\/span><\/li>\n<li><span style=\"color: #707070;\">Tragen von elastischer Kompressionsunterw\u00e4sche f\u00fcr 4 Wochen, 2 Wochen im Falle einer Fettabsaugung am Hals<\/span><\/li>\n<li><span style=\"color: #707070;\">Absorption von Schwellungen und Bluterg\u00fcssen f\u00fcr etwa 2-4 Wochen<\/span><\/li>\n<li><span style=\"color: #707070;\">Volle k\u00f6rperliche Belastung nach 4 Wochen<\/span><\/li>\n<\/ul>\n\t\t\t\t\t\t\t\t<\/div>\n\t\t\t\t<\/div>\n\t\t\t\t<\/div>\n\t\t\t\t<\/div>\n\t\t\t\t\t<\/div>\n\t\t\t\t<\/div>\n\t\t\t\t<\/div>\n\t\t","protected":false},"excerpt":{"rendered":"<p>Liposuktion &#8211; Fettabsaugung Preis des Verfahrens von 1000\u20ac Dauer der Auff\u00fchrung je nach Anzahl der extrahierten Seiten dauert die Extraktion<\/p>\n","protected":false},"author":1,"featured_media":0,"parent":5646,"menu_order":0,"comment_status":"closed","ping_status":"closed","template":"","meta":{"footnotes":""},"class_list":["post-5626","page","type-page","status-publish","hentry"],"_links":{"self":[{"href":"https:\/\/lukassimko.sk\/de\/wp-json\/wp\/v2\/pages\/5626","targetHints":{"allow":["GET"]}}],"collection":[{"href":"https:\/\/lukassimko.sk\/de\/wp-json\/wp\/v2\/pages"}],"about":[{"href":"https:\/\/lukassimko.sk\/de\/wp-json\/wp\/v2\/types\/page"}],"author":[{"embeddable":true,"href":"https:\/\/lukassimko.sk\/de\/wp-json\/wp\/v2\/users\/1"}],"replies":[{"embeddable":true,"href":"https:\/\/lukassimko.sk\/de\/wp-json\/wp\/v2\/comments?post=5626"}],"version-history":[{"count":0,"href":"https:\/\/lukassimko.sk\/de\/wp-json\/wp\/v2\/pages\/5626\/revisions"}],"up":[{"embeddable":true,"href":"https:\/\/lukassimko.sk\/de\/wp-json\/wp\/v2\/pages\/5646"}],"wp:attachment":[{"href":"https:\/\/lukassimko.sk\/de\/wp-json\/wp\/v2\/media?parent=5626"}],"curies":[{"name":"wp","href":"https:\/\/api.w.org\/{rel}","templated":true}]}}